{"id":1281,"date":"2023-07-18T22:03:19","date_gmt":"2023-07-19T01:03:19","guid":{"rendered":"https:\/\/elreportivo.cl\/olimpia\/?page_id=1281"},"modified":"2023-07-26T19:12:43","modified_gmt":"2023-07-26T22:12:43","slug":"editorial","status":"publish","type":"page","link":"https:\/\/elreportivo.cl\/olimpia\/editorial\/","title":{"rendered":"Editorial"},"content":{"rendered":"\t\t<div data-elementor-type=\"wp-page\" data-elementor-id=\"1281\" class=\"elementor elementor-1281\">\n\t\t\t\t\t\t<section class=\"elementor-section elementor-top-section elementor-element elementor-element-2f35969 elementor-section-boxed elementor-section-height-default elementor-section-height-default\" data-id=\"2f35969\" data-element_type=\"section\" data-settings=\"{&quot;background_background&quot;:&quot;classic&quot;}\">\n\t\t\t\t\t\t<div class=\"elementor-container elementor-column-gap-default\">\n\t\t\t\t\t<div class=\"elementor-column elementor-col-100 elementor-top-column elementor-element elementor-element-415fa8c\" data-id=\"415fa8c\" data-element_type=\"column\">\n\t\t\t<div class=\"elementor-widget-wrap elementor-element-populated\">\n\t\t\t\t\t\t<div class=\"elementor-element elementor-element-3a0d171 elementor-widget elementor-widget-heading\" data-id=\"3a0d171\" data-element_type=\"widget\" data-widget_type=\"heading.default\">\n\t\t\t\t<div class=\"elementor-widget-container\">\n\t\t\t\t\t<h2 class=\"elementor-heading-title elementor-size-default\">Editorial<\/h2>\t\t\t\t<\/div>\n\t\t\t\t<\/div>\n\t\t\t\t\t<\/div>\n\t\t<\/div>\n\t\t\t\t\t<\/div>\n\t\t<\/section>\n\t\t\t\t<section class=\"elementor-section elementor-top-section elementor-element elementor-element-23b5f5d elementor-section-boxed elementor-section-height-default elementor-section-height-default\" data-id=\"23b5f5d\" data-element_type=\"section\">\n\t\t\t\t\t\t<div class=\"elementor-container elementor-column-gap-default\">\n\t\t\t\t\t<div class=\"elementor-column elementor-col-100 elementor-top-column elementor-element elementor-element-62b484d8\" data-id=\"62b484d8\" data-element_type=\"column\">\n\t\t\t<div class=\"elementor-widget-wrap elementor-element-populated\">\n\t\t\t\t\t\t<div class=\"elementor-element elementor-element-907daf9 elementor-widget elementor-widget-text-editor\" data-id=\"907daf9\" data-element_type=\"widget\" data-widget_type=\"text-editor.default\">\n\t\t\t\t<div class=\"elementor-widget-container\">\n\t\t\t\t\t\t\t\t\t<p>Para los creadores El Reportivo de OLIMPIA pretende:<\/p><ol><li>Fomentar la diversidad de intereses: Al incluir temas culturales en la publicaci\u00f3n, se muestra que los deportistas no solo est\u00e1n interesados en el deporte, sino tambi\u00e9n en otros aspectos de la vida. Esto puede inspirar a otras j\u00f3venes a explorar diferentes \u00e1reas de inter\u00e9s y ampliar sus horizontes.<\/li><li>Promover el aprendizaje continuo: Al investigar y escribir sobre temas culturales, la familia deportiva est\u00e1 aprendiendo constantemente y ampliando sus conocimientos. Adem\u00e1s, al compartir esta informaci\u00f3n con otros, est\u00e1n ayudando a difundir el conocimiento y promover la educaci\u00f3n continua.<\/li><li>Destacar la importancia de la cultura: Al incluir temas culturales en la publicaci\u00f3n, se est\u00e1 reconociendo la importancia de la cultura en nuestras vidas y en la sociedad en general. Esto puede ayudar a promover la tolerancia y el respeto hacia diferentes culturas y comunidades.<\/li><\/ol>\t\t\t\t\t\t\t\t<\/div>\n\t\t\t\t<\/div>\n\t\t\t\t\t<\/div>\n\t\t<\/div>\n\t\t\t\t\t<\/div>\n\t\t<\/section>\n\t\t\t\t<\/div>\n\t\t","protected":false},"excerpt":{"rendered":"<p>Editorial Para los creadores El Reportivo de OLIMPIA pretende: Fomentar la diversidad de intereses: Al incluir temas culturales en la publicaci\u00f3n, se muestra que los deportistas no solo est\u00e1n interesados en el deporte, sino tambi\u00e9n en otros aspectos de la vida. Esto puede inspirar a otras j\u00f3venes a explorar diferentes \u00e1reas de inter\u00e9s y ampliar [&hellip;]<\/p>\n","protected":false},"author":1,"featured_media":0,"parent":0,"menu_order":0,"comment_status":"closed","ping_status":"closed","template":"","meta":{"site-sidebar-layout":"default","site-content-layout":"","ast-site-content-layout":"default","site-content-style":"default","site-sidebar-style":"default","ast-global-header-display":"","ast-banner-title-visibility":"","ast-main-header-display":"","ast-hfb-above-header-display":"","ast-hfb-below-header-display":"","ast-hfb-mobile-header-display":"","site-post-title":"","ast-breadcrumbs-content":"","ast-featured-img":"","footer-sml-layout":"","ast-disable-related-posts":"","theme-transparent-header-meta":"","adv-header-id-meta":"","stick-header-meta":"","header-above-stick-meta":"","header-main-stick-meta":"","header-below-stick-meta":"","astra-migrate-meta-layouts":"default","ast-page-background-enabled":"default","ast-page-background-meta":{"desktop":{"background-color":"var(--ast-global-color-4)","background-image":"","background-repeat":"repeat","background-position":"center center","background-size":"auto","background-attachment":"scroll","background-type":"","background-media":"","overlay-type":"","overlay-color":"","overlay-opacity":"","overlay-gradient":""},"tablet":{"background-color":"","background-image":"","background-repeat":"repeat","background-position":"center center","background-size":"auto","background-attachment":"scroll","background-type":"","background-media":"","overlay-type":"","overlay-color":"","overlay-opacity":"","overlay-gradient":""},"mobile":{"background-color":"","background-image":"","background-repeat":"repeat","background-position":"center center","background-size":"auto","background-attachment":"scroll","background-type":"","background-media":"","overlay-type":"","overlay-color":"","overlay-opacity":"","overlay-gradient":""}},"ast-content-background-meta":{"desktop":{"background-color":"var(--ast-global-color-5)","background-image":"","background-repeat":"repeat","background-position":"center center","background-size":"auto","background-attachment":"scroll","background-type":"","background-media":"","overlay-type":"","overlay-color":"","overlay-opacity":"","overlay-gradient":""},"tablet":{"background-color":"var(--ast-global-color-5)","background-image":"","background-repeat":"repeat","background-position":"center center","background-size":"auto","background-attachment":"scroll","background-type":"","background-media":"","overlay-type":"","overlay-color":"","overlay-opacity":"","overlay-gradient":""},"mobile":{"background-color":"var(--ast-global-color-5)","background-image":"","background-repeat":"repeat","background-position":"center center","background-size":"auto","background-attachment":"scroll","background-type":"","background-media":"","overlay-type":"","overlay-color":"","overlay-opacity":"","overlay-gradient":""}},"footnotes":""},"class_list":["post-1281","page","type-page","status-publish","hentry"],"_links":{"self":[{"href":"https:\/\/elreportivo.cl\/olimpia\/wp-json\/wp\/v2\/pages\/1281","targetHints":{"allow":["GET"]}}],"collection":[{"href":"https:\/\/elreportivo.cl\/olimpia\/wp-json\/wp\/v2\/pages"}],"about":[{"href":"https:\/\/elreportivo.cl\/olimpia\/wp-json\/wp\/v2\/types\/page"}],"author":[{"embeddable":true,"href":"https:\/\/elreportivo.cl\/olimpia\/wp-json\/wp\/v2\/users\/1"}],"replies":[{"embeddable":true,"href":"https:\/\/elreportivo.cl\/olimpia\/wp-json\/wp\/v2\/comments?post=1281"}],"version-history":[{"count":7,"href":"https:\/\/elreportivo.cl\/olimpia\/wp-json\/wp\/v2\/pages\/1281\/revisions"}],"predecessor-version":[{"id":1346,"href":"https:\/\/elreportivo.cl\/olimpia\/wp-json\/wp\/v2\/pages\/1281\/revisions\/1346"}],"wp:attachment":[{"href":"https:\/\/elreportivo.cl\/olimpia\/wp-json\/wp\/v2\/media?parent=1281"}],"curies":[{"name":"wp","href":"https:\/\/api.w.org\/{rel}","templated":true}]}}